{"id":2572,"date":"2021-10-11T10:28:20","date_gmt":"2021-10-11T10:28:20","guid":{"rendered":"https:\/\/miocorpo.be\/over-ons\/"},"modified":"2025-03-18T10:51:31","modified_gmt":"2025-03-18T10:51:31","slug":"over-ons","status":"publish","type":"page","link":"https:\/\/miocorpo.be\/fr\/over-ons\/","title":{"rendered":"About"},"content":{"rendered":"<div class=\"wpb-content-wrapper\"><p>[vc_row css_animation=\u00a0\u00bb\u00a0\u00bb row_type=\u00a0\u00bbrow\u00a0\u00bb use_row_as_full_screen_section=\u00a0\u00bbno\u00a0\u00bb type=\u00a0\u00bbfull_width\u00a0\u00bb angled_section=\u00a0\u00bbno\u00a0\u00bb text_align=\u00a0\u00bbleft\u00a0\u00bb background_image_as_pattern=\u00a0\u00bbwithout_pattern\u00a0\u00bb el_class=\u00a0\u00bbover row1&Prime; z_index=\u00a0\u00bb\u00a0\u00bb][vc_column width=\u00a0\u00bb2\/3&Prime; el_class=\u00a0\u00bbcolumn1&Prime;][vc_single_image image=\u00a0\u00bb737&Prime; img_size=\u00a0\u00bbfull\u00a0\u00bb qode_css_animation=\u00a0\u00bb\u00a0\u00bb][\/vc_column][vc_column width=\u00a0\u00bb1\/3&Prime; css=\u00a0\u00bb.vc_custom_1623334105684{background-image: url(https:\/\/miocorpo.be\/wp-content\/uploads\/2021\/06\/homeshadow1.jpg?id=25) !important;}\u00a0\u00bb el_class=\u00a0\u00bbcolumn2&Prime;][vc_empty_space height=\u00a0\u00bb64px\u00a0\u00bb el_class=\u00a0\u00bbdesktoponly\u00a0\u00bb][vc_column_text css=\u00a0\u00bb\u00a0\u00bb]<\/p>\n<h1>\u00c0 propos de nous<\/h1>\n<h1><\/h1>\n<p>[\/vc_column_text][vc_empty_space height=\u00a0\u00bb47px\u00a0\u00bb]\n\n\t<a href=\"https:\/\/miocorpo.be\/contact\" target=\"_self\"  class=\"qode-btn qode-btn-medium qode-btn-solid ctabutton qode-btn-default-hover\"  >\n\t    <span class=\"qode-btn-text\">Contactez nous<\/span>\t<\/a>\n\n[\/vc_column][\/vc_row][vc_row css_animation=\u00a0\u00bb\u00a0\u00bb row_type=\u00a0\u00bbrow\u00a0\u00bb use_row_as_full_screen_section=\u00a0\u00bbno\u00a0\u00bb type=\u00a0\u00bbfull_width\u00a0\u00bb angled_section=\u00a0\u00bbno\u00a0\u00bb text_align=\u00a0\u00bbleft\u00a0\u00bb background_image_as_pattern=\u00a0\u00bbwithout_pattern\u00a0\u00bb z_index=\u00a0\u00bb\u00a0\u00bb el_class=\u00a0\u00bbover row7&Prime;][vc_column width=\u00a0\u00bb2\/3&Prime;][\/vc_column][vc_column width=\u00a0\u00bb1\/3&Prime;][vc_empty_space height=\u00a0\u00bb62px\u00a0\u00bb][vc_column_text]<\/p>\n<h4>\u00ab\u00a0Atelier d&rsquo;esth\u00e9tique pour des traitements personnalis\u00e9s de la peau et du corps, avec de la technologie et de la personnalit\u00e9\u00a0\u00bb.[\/vc_column_text][vc_empty_space][\/vc_column][\/vc_row][vc_row css_animation=\u00a0\u00bb\u00a0\u00bb row_type=\u00a0\u00bbrow\u00a0\u00bb use_row_as_full_screen_section=\u00a0\u00bbno\u00a0\u00bb type=\u00a0\u00bbfull_width\u00a0\u00bb angled_section=\u00a0\u00bbno\u00a0\u00bb text_align=\u00a0\u00bbleft\u00a0\u00bb background_image_as_pattern=\u00a0\u00bbwithout_pattern\u00a0\u00bb z_index=\u00a0\u00bb\u00a0\u00bb][vc_column el_class=\u00a0\u00bbcolumn1&Prime;][vc_row_inner row_type=\u00a0\u00bbrow\u00a0\u00bb type=\u00a0\u00bbfull_width\u00a0\u00bb text_align=\u00a0\u00bbleft\u00a0\u00bb css_animation=\u00a0\u00bb\u00a0\u00bb el_class=\u00a0\u00bbover row3&Prime;][vc_column_inner el_class=\u00a0\u00bbcolumn1&Prime; width=\u00a0\u00bb1\/2&Prime; css=\u00a0\u00bb.vc_custom_1633939317843{background-color: #e9d2c0 !important;}\u00a0\u00bb][vc_empty_space height=\u00a0\u00bb13px\u00a0\u00bb][vc_column_text]<\/h4>\n<h3><em>Elle a la technologie,<\/em><br \/>\n<em>elle a la personnalit\u00e9<\/em><\/h3>\n<p>[\/vc_column_text][vc_empty_space height=\u00a0\u00bb20px\u00a0\u00bb][vc_column_text el_class=\u00a0\u00bbwhite\u00a0\u00bb]On nous apprend qu&rsquo;il est difficile de travailler sur le corps de<br \/>\nde nos r\u00eaves est difficile, et que le seul moyen est de se battre \u00e0 la<br \/>\nla salle de sport est la seule solution. Qu&rsquo;une peau saine<br \/>\nn&rsquo;est pas la tasse de th\u00e9 de tout le monde, et qu&rsquo;il faut camoufler<br \/>\ncamoufler ce qui ne va pas.<\/p>\n<p>Mais votre reflet m\u00e9rite toute l&rsquo;attention, et je me suis donn\u00e9 pour mission de faire de vous votre propre visage.<br \/>\nsuis en mission pour faire de vous votre plus grand fan.<br \/>\nvotre plus grand fan. C&rsquo;est pourquoi, chez Mio Corpo Esthetic, vous trouverez non seulement<br \/>\nnon seulement les traitements les plus avanc\u00e9s pour<br \/>\npour la peau et le corps en un seul endroit, mais aussi mon<br \/>\nmon expertise et mes conseils avec du c\u0153ur, de l&rsquo;\u00e2me et beaucoup d&rsquo;humour.<\/p>\n<p>Nous le faisons ensemble, et le r\u00e9sultat est le v\u00f4tre.[\/vc_column_text][vc_empty_space]\n\n\t<a href=\"https:\/\/booking.optios.net\/16014\" target=\"_self\"  class=\"qode-btn qode-btn-medium qode-btn-solid ctabutton qode-btn-default-hover\"  >\n\t    <span class=\"qode-btn-text\">Prendre rendez-vous<\/span>\t<\/a>\n\n[vc_empty_space height=\u00a0\u00bb15px\u00a0\u00bb][\/vc_column_inner][vc_column_inner el_class=\u00a0\u00bbcolumn3&Prime; width=\u00a0\u00bb1\/2&Prime;][vc_single_image image=\u00a0\u00bb2146&Prime; img_size=\u00a0\u00bbfull\u00a0\u00bb qode_css_animation=\u00a0\u00bb\u00a0\u00bb el_class=\u00a0\u00bbbalans\u00a0\u00bb][\/vc_column_inner][\/vc_row_inner][vc_empty_space height=\u00a0\u00bb13px\u00a0\u00bb][\/vc_column][\/vc_row][vc_row css_animation=\u00a0\u00bb\u00a0\u00bb row_type=\u00a0\u00bbrow\u00a0\u00bb use_row_as_full_screen_section=\u00a0\u00bbno\u00a0\u00bb type=\u00a0\u00bbfull_width\u00a0\u00bb angled_section=\u00a0\u00bbno\u00a0\u00bb text_align=\u00a0\u00bbleft\u00a0\u00bb background_image_as_pattern=\u00a0\u00bbwithout_pattern\u00a0\u00bb z_index=\u00a0\u00bb\u00a0\u00bb][vc_column el_class=\u00a0\u00bbcolumn1&Prime;][vc_empty_space][vc_row_inner row_type=\u00a0\u00bbrow\u00a0\u00bb type=\u00a0\u00bbfull_width\u00a0\u00bb text_align=\u00a0\u00bbleft\u00a0\u00bb css_animation=\u00a0\u00bb\u00a0\u00bb el_class=\u00a0\u00bbover row3&Prime;][vc_column_inner el_class=\u00a0\u00bbcolumn3&Prime; width=\u00a0\u00bb1\/2&Prime;][vc_single_image image=\u00a0\u00bb2997&Prime; img_size=\u00a0\u00bbfull\u00a0\u00bb css=\u00a0\u00bb\u00a0\u00bb qode_css_animation=\u00a0\u00bb\u00a0\u00bb el_class=\u00a0\u00bbbalans\u00a0\u00bb][\/vc_column_inner][vc_column_inner el_class=\u00a0\u00bbcolumn1&Prime; width=\u00a0\u00bb1\/2&Prime; css=\u00a0\u00bb.vc_custom_1633939317843{background-color: #e9d2c0 !important;}\u00a0\u00bb][vc_column_text]<\/p>\n<h3>Je suis Mouna,<\/h3>\n<p>[\/vc_column_text][vc_empty_space height=\u00a0\u00bb20px\u00a0\u00bb][vc_column_text el_class=\u00a0\u00bbwhite\u00a0\u00bb]ET JE VOUS AIDE \u00c0 VOUS SENTIR CHEZ VOUS<br \/>\nVOTRE PEAU ET VOTRE CORPS.<\/p>\n<p>C&rsquo;est un r\u00eave, n&rsquo;est-ce pas ? Il est temps d&rsquo;en faire une r\u00e9alit\u00e9<br \/>\nde faire de ce r\u00eave une r\u00e9alit\u00e9.<\/p>\n<p>Mon amour pour la technologie est profond (je suis toujours \u00e0 la recherche d&rsquo;une nouvelle machine ou autre).<br \/>\nune nouvelle machine ou une autre<br \/>\nrecherche), mais ce qui me motive vraiment, c&rsquo;est l&rsquo;\u00e9quilibre entre l&rsquo;esprit<br \/>\nentre l&rsquo;esprit, le corps et l&rsquo;\u00e2me.<\/p>\n<p>Je vous explique concr\u00e8tement comment fonctionne votre<br \/>\ntraitement sur mesure et vous motive \u00e0 en amplifier l&rsquo;impact par l&rsquo;alimentation<br \/>\nl&rsquo;impact par la nutrition, la relaxation<br \/>\nrelaxation, des soins et de l&rsquo;exercice. Parce que vous voir<br \/>\nle plus beau des r\u00e9sultats.<br \/>\nr\u00e9sultat.[\/vc_column_text][vc_empty_space]\n\n\t<a href=\"https:\/\/booking.optios.net\/16014\" target=\"_self\"  class=\"qode-btn qode-btn-medium qode-btn-solid ctabutton qode-btn-default-hover\"  >\n\t    <span class=\"qode-btn-text\">Prenez rendez-vous<\/span>\t<\/a>\n\n[vc_empty_space height=\u00a0\u00bb15px\u00a0\u00bb][\/vc_column_inner][\/vc_row_inner][\/vc_column][vc_column][\/vc_column][\/vc_row][vc_row css_animation=\u00a0\u00bb\u00a0\u00bb row_type=\u00a0\u00bbrow\u00a0\u00bb use_row_as_full_screen_section=\u00a0\u00bbno\u00a0\u00bb type=\u00a0\u00bbfull_width\u00a0\u00bb angled_section=\u00a0\u00bbno\u00a0\u00bb text_align=\u00a0\u00bbleft\u00a0\u00bb background_image_as_pattern=\u00a0\u00bbwithout_pattern\u00a0\u00bb el_class=\u00a0\u00bbhome\u00a0\u00bb z_index=\u00a0\u00bb\u00a0\u00bb][vc_column][vc_empty_space][\/vc_column][\/vc_row][vc_row css_animation=\u00a0\u00bb\u00a0\u00bb row_type=\u00a0\u00bbrow\u00a0\u00bb use_row_as_full_screen_section=\u00a0\u00bbno\u00a0\u00bb type=\u00a0\u00bbfull_width\u00a0\u00bb angled_section=\u00a0\u00bbno\u00a0\u00bb text_align=\u00a0\u00bbleft\u00a0\u00bb background_image_as_pattern=\u00a0\u00bbwithout_pattern\u00a0\u00bb el_class=\u00a0\u00bbhome\u00a0\u00bb z_index=\u00a0\u00bb\u00a0\u00bb][vc_column][\/vc_column][\/vc_row]<\/p>\n<\/div>","protected":false},"excerpt":{"rendered":"<p>[vc_row css_animation=\u00a0\u00bb\u00a0\u00bb row_type=\u00a0\u00bbrow\u00a0\u00bb use_row_as_full_screen_section=\u00a0\u00bbno\u00a0\u00bb type=\u00a0\u00bbfull_width\u00a0\u00bb angled_section=\u00a0\u00bbno\u00a0\u00bb text_align=\u00a0\u00bbleft\u00a0\u00bb background_image_as_pattern=\u00a0\u00bbwithout_pattern\u00a0\u00bb el_class=\u00a0\u00bbover row1&Prime; z_index=\u00a0\u00bb\u00a0\u00bb][vc_column width=\u00a0\u00bb2\/3&Prime; el_class=\u00a0\u00bbcolumn1&Prime;][vc_single_image image=\u00a0\u00bb737&Prime; img_size=\u00a0\u00bbfull\u00a0\u00bb qode_css_animation=\u00a0\u00bb\u00a0\u00bb][\/vc_column][vc_column width=\u00a0\u00bb1\/3&Prime; css=\u00a0\u00bb.vc_custom_1623334105684{background-image: url(https:\/\/miocorpo.be\/wp-content\/uploads\/2021\/06\/homeshadow1.jpg?id=25) !important;}\u00a0\u00bb el_class=\u00a0\u00bbcolumn2&Prime;][vc_empty_space height=\u00a0\u00bb64px\u00a0\u00bb el_class=\u00a0\u00bbdesktoponly\u00a0\u00bb][vc_column_text css=\u00a0\u00bb\u00a0\u00bb] \u00c0 propos de nous [\/vc_column_text][vc_empty_space height=\u00a0\u00bb47px\u00a0\u00bb][\/vc_column][\/vc_row][vc_row css_animation=\u00a0\u00bb\u00a0\u00bb row_type=\u00a0\u00bbrow\u00a0\u00bb use_row_as_full_screen_section=\u00a0\u00bbno\u00a0\u00bb type=\u00a0\u00bbfull_width\u00a0\u00bb angled_section=\u00a0\u00bbno\u00a0\u00bb text_align=\u00a0\u00bbleft\u00a0\u00bb background_image_as_pattern=\u00a0\u00bbwithout_pattern\u00a0\u00bb z_index=\u00a0\u00bb\u00a0\u00bb el_class=\u00a0\u00bbover row7&Prime;][vc_column width=\u00a0\u00bb2\/3&Prime;][\/vc_column][vc_column width=\u00a0\u00bb1\/3&Prime;][vc_empty_space height=\u00a0\u00bb62px\u00a0\u00bb][vc_column_text] \u00ab\u00a0Atelier d&rsquo;esth\u00e9tique&#8230;<\/p>\n","protected":false},"author":1,"featured_media":0,"parent":0,"menu_order":0,"comment_status":"closed","ping_status":"closed","template":"full_width.php","meta":{"inline_featured_image":false,"footnotes":""},"class_list":["post-2572","page","type-page","status-publish","hentry"],"yoast_head":"<!-- This site is optimized with the Yoast SEO plugin v27.5 - https:\/\/yoast.com\/product\/yoast-seo-wordpress\/ -->\n<title>About - Mio Corpo Esthetic<\/title>\n<meta name=\"description\" content=\"De Mio Corpo Esthetic filosofie is gebaseerd en gebalanceerd tussen technologie en de kracht van ons eigen lichaam.\" \/>\n<meta name=\"robots\" content=\"index, follow, max-snippet:-1, max-image-preview:large, max-video-preview:-1\" \/>\n<link rel=\"canonical\" href=\"https:\/\/miocorpo.be\/fr\/over-ons\/\" \/>\n<meta property=\"og:locale\" content=\"fr_FR\" \/>\n<meta property=\"og:type\" content=\"article\" \/>\n<meta property=\"og:title\" content=\"About - Mio Corpo Esthetic\" \/>\n<meta property=\"og:description\" content=\"De Mio Corpo Esthetic filosofie is gebaseerd en gebalanceerd tussen technologie en de kracht van ons eigen lichaam.\" \/>\n<meta property=\"og:url\" content=\"https:\/\/miocorpo.be\/fr\/over-ons\/\" \/>\n<meta property=\"og:site_name\" content=\"Mio Corpo Esthetic\" \/>\n<meta property=\"article:modified_time\" content=\"2025-03-18T10:51:31+00:00\" \/>\n<meta name=\"twitter:card\" content=\"summary_large_image\" \/>\n<meta name=\"twitter:label1\" content=\"Dur\u00e9e de lecture estim\u00e9e\" \/>\n\t<meta name=\"twitter:data1\" content=\"3 minutes\" \/>\n<script type=\"application\/ld+json\" class=\"yoast-schema-graph\">{\"@context\":\"https:\\\/\\\/schema.org\",\"@graph\":[{\"@type\":\"WebPage\",\"@id\":\"https:\\\/\\\/miocorpo.be\\\/fr\\\/over-ons\\\/\",\"url\":\"https:\\\/\\\/miocorpo.be\\\/fr\\\/over-ons\\\/\",\"name\":\"About - Mio Corpo Esthetic\",\"isPartOf\":{\"@id\":\"https:\\\/\\\/miocorpo.be\\\/#website\"},\"datePublished\":\"2021-10-11T10:28:20+00:00\",\"dateModified\":\"2025-03-18T10:51:31+00:00\",\"description\":\"De Mio Corpo Esthetic filosofie is gebaseerd en gebalanceerd tussen technologie en de kracht van ons eigen lichaam.\",\"breadcrumb\":{\"@id\":\"https:\\\/\\\/miocorpo.be\\\/fr\\\/over-ons\\\/#breadcrumb\"},\"inLanguage\":\"fr-FR\",\"potentialAction\":[{\"@type\":\"ReadAction\",\"target\":[\"https:\\\/\\\/miocorpo.be\\\/fr\\\/over-ons\\\/\"]}]},{\"@type\":\"BreadcrumbList\",\"@id\":\"https:\\\/\\\/miocorpo.be\\\/fr\\\/over-ons\\\/#breadcrumb\",\"itemListElement\":[{\"@type\":\"ListItem\",\"position\":1,\"name\":\"Home\",\"item\":\"https:\\\/\\\/miocorpo.be\\\/fr\\\/\"},{\"@type\":\"ListItem\",\"position\":2,\"name\":\"About\"}]},{\"@type\":\"WebSite\",\"@id\":\"https:\\\/\\\/miocorpo.be\\\/#website\",\"url\":\"https:\\\/\\\/miocorpo.be\\\/\",\"name\":\"Mio Corpo Esthetic\",\"description\":\"Praktijk voor huid- en lichaamsgezondheid in Gent centrum\",\"potentialAction\":[{\"@type\":\"SearchAction\",\"target\":{\"@type\":\"EntryPoint\",\"urlTemplate\":\"https:\\\/\\\/miocorpo.be\\\/?s={search_term_string}\"},\"query-input\":{\"@type\":\"PropertyValueSpecification\",\"valueRequired\":true,\"valueName\":\"search_term_string\"}}],\"inLanguage\":\"fr-FR\"}]}<\/script>\n<!-- \/ Yoast SEO plugin. -->","yoast_head_json":{"title":"About - Mio Corpo Esthetic","description":"De Mio Corpo Esthetic filosofie is gebaseerd en gebalanceerd tussen technologie en de kracht van ons eigen lichaam.","robots":{"index":"index","follow":"follow","max-snippet":"max-snippet:-1","max-image-preview":"max-image-preview:large","max-video-preview":"max-video-preview:-1"},"canonical":"https:\/\/miocorpo.be\/fr\/over-ons\/","og_locale":"fr_FR","og_type":"article","og_title":"About - Mio Corpo Esthetic","og_description":"De Mio Corpo Esthetic filosofie is gebaseerd en gebalanceerd tussen technologie en de kracht van ons eigen lichaam.","og_url":"https:\/\/miocorpo.be\/fr\/over-ons\/","og_site_name":"Mio Corpo Esthetic","article_modified_time":"2025-03-18T10:51:31+00:00","twitter_card":"summary_large_image","twitter_misc":{"Dur\u00e9e de lecture estim\u00e9e":"3 minutes"},"schema":{"@context":"https:\/\/schema.org","@graph":[{"@type":"WebPage","@id":"https:\/\/miocorpo.be\/fr\/over-ons\/","url":"https:\/\/miocorpo.be\/fr\/over-ons\/","name":"About - Mio Corpo Esthetic","isPartOf":{"@id":"https:\/\/miocorpo.be\/#website"},"datePublished":"2021-10-11T10:28:20+00:00","dateModified":"2025-03-18T10:51:31+00:00","description":"De Mio Corpo Esthetic filosofie is gebaseerd en gebalanceerd tussen technologie en de kracht van ons eigen lichaam.","breadcrumb":{"@id":"https:\/\/miocorpo.be\/fr\/over-ons\/#breadcrumb"},"inLanguage":"fr-FR","potentialAction":[{"@type":"ReadAction","target":["https:\/\/miocorpo.be\/fr\/over-ons\/"]}]},{"@type":"BreadcrumbList","@id":"https:\/\/miocorpo.be\/fr\/over-ons\/#breadcrumb","itemListElement":[{"@type":"ListItem","position":1,"name":"Home","item":"https:\/\/miocorpo.be\/fr\/"},{"@type":"ListItem","position":2,"name":"About"}]},{"@type":"WebSite","@id":"https:\/\/miocorpo.be\/#website","url":"https:\/\/miocorpo.be\/","name":"Mio Corpo Esthetic","description":"Praktijk voor huid- en lichaamsgezondheid in Gent centrum","potentialAction":[{"@type":"SearchAction","target":{"@type":"EntryPoint","urlTemplate":"https:\/\/miocorpo.be\/?s={search_term_string}"},"query-input":{"@type":"PropertyValueSpecification","valueRequired":true,"valueName":"search_term_string"}}],"inLanguage":"fr-FR"}]}},"_links":{"self":[{"href":"https:\/\/miocorpo.be\/fr\/wp-json\/wp\/v2\/pages\/2572","targetHints":{"allow":["GET"]}}],"collection":[{"href":"https:\/\/miocorpo.be\/fr\/wp-json\/wp\/v2\/pages"}],"about":[{"href":"https:\/\/miocorpo.be\/fr\/wp-json\/wp\/v2\/types\/page"}],"author":[{"embeddable":true,"href":"https:\/\/miocorpo.be\/fr\/wp-json\/wp\/v2\/users\/1"}],"replies":[{"embeddable":true,"href":"https:\/\/miocorpo.be\/fr\/wp-json\/wp\/v2\/comments?post=2572"}],"version-history":[{"count":4,"href":"https:\/\/miocorpo.be\/fr\/wp-json\/wp\/v2\/pages\/2572\/revisions"}],"predecessor-version":[{"id":3206,"href":"https:\/\/miocorpo.be\/fr\/wp-json\/wp\/v2\/pages\/2572\/revisions\/3206"}],"wp:attachment":[{"href":"https:\/\/miocorpo.be\/fr\/wp-json\/wp\/v2\/media?parent=2572"}],"curies":[{"name":"wp","href":"https:\/\/api.w.org\/{rel}","templated":true}]}}