{"id":2540,"date":"2023-01-27T13:57:18","date_gmt":"2023-01-27T13:57:18","guid":{"rendered":"https:\/\/miocorpo.be\/huid-behandelingen\/"},"modified":"2024-03-04T08:17:53","modified_gmt":"2024-03-04T08:17:53","slug":"huid-behandelingen","status":"publish","type":"page","link":"https:\/\/miocorpo.be\/fr\/huid-behandelingen\/","title":{"rendered":"Huid behandelingen"},"content":{"rendered":"<div class=\"wpb-content-wrapper\"><p>[vc_row css_animation=\u00a0\u00bb\u00a0\u00bb row_type=\u00a0\u00bbrow\u00a0\u00bb use_row_as_full_screen_section=\u00a0\u00bbno\u00a0\u00bb type=\u00a0\u00bbfull_width\u00a0\u00bb angled_section=\u00a0\u00bbno\u00a0\u00bb text_align=\u00a0\u00bbleft\u00a0\u00bb background_image_as_pattern=\u00a0\u00bbwithout_pattern\u00a0\u00bb el_class=\u00a0\u00bbdiensten row1&Prime; z_index=\u00a0\u00bb\u00a0\u00bb css=\u00a0\u00bb.vc_custom_1669921570306{background-image: url(https:\/\/miocorpo.be\/wp-content\/uploads\/2021\/10\/header-bg.jpg?id=415) !important;}\u00a0\u00bb][vc_column el_class=\u00a0\u00bbcolumn1&Prime;][vc_column_text]<\/p>\n<h1 style=\"text-align: right;\"><span class=\"white\">Nos traitements<\/span><\/h1>\n<p>[\/vc_column_text][vc_empty_space height=\u00a0\u00bb47px\u00a0\u00bb][\/vc_column][\/vc_row][vc_row css_animation=\u00a0\u00bb\u00a0\u00bb row_type=\u00a0\u00bbrow\u00a0\u00bb use_row_as_full_screen_section=\u00a0\u00bbno\u00a0\u00bb type=\u00a0\u00bbfull_width\u00a0\u00bb angled_section=\u00a0\u00bbno\u00a0\u00bb text_align=\u00a0\u00bbleft\u00a0\u00bb background_image_as_pattern=\u00a0\u00bbwithout_pattern\u00a0\u00bb el_class=\u00a0\u00bbdiensten row3&Prime; z_index=\u00a0\u00bb\u00a0\u00bb][vc_column][vc_row_inner row_type=\u00a0\u00bbrow\u00a0\u00bb type=\u00a0\u00bbfull_width\u00a0\u00bb text_align=\u00a0\u00bbleft\u00a0\u00bb css_animation=\u00a0\u00bb\u00a0\u00bb][vc_column_inner][vc_column_text]<\/p>\n<h2>Traitements de la peau<\/h2>\n<p>[\/vc_column_text][\/vc_column_inner][\/vc_row_inner][\/vc_column][\/vc_row][vc_row css_animation=\u00a0\u00bb\u00a0\u00bb row_type=\u00a0\u00bbrow\u00a0\u00bb use_row_as_full_screen_section=\u00a0\u00bbno\u00a0\u00bb type=\u00a0\u00bbfull_width\u00a0\u00bb angled_section=\u00a0\u00bbno\u00a0\u00bb text_align=\u00a0\u00bbleft\u00a0\u00bb background_image_as_pattern=\u00a0\u00bbwithout_pattern\u00a0\u00bb el_class=\u00a0\u00bbdiensten row5&Prime; z_index=\u00a0\u00bb\u00a0\u00bb][vc_column width=\u00a0\u00bb1\/3&Prime; el_class=\u00a0\u00bbcol1&Prime;][vc_single_image image=\u00a0\u00bb2119&Prime; img_size=\u00a0\u00bbfull\u00a0\u00bb onclick=\u00a0\u00bbcustom_link\u00a0\u00bb qode_css_animation=\u00a0\u00bb\u00a0\u00bb el_class=\u00a0\u00bbusp\u00a0\u00bb link=\u00a0\u00bbhttps:\/\/miocorpo.be\/behandelingen\/huid-analyse\u00a0\u00bb][vc_empty_space][vc_column_text]<\/p>\n<h3><a href=\"https:\/\/miocorpo.be\/fr\/behandelingen\/huid-analyse\/\">Consultation de produits<\/a><\/h3>\n<p>[\/vc_column_text][vc_empty_space height=\u00a0\u00bb7px\u00a0\u00bb][vc_column_text]<b>Id\u00e9al pour vous:<\/b><\/p>\n<p><span style=\"font-weight: 400;\">Si vous voulez commencer un soin de la peau adapt\u00e9 \u00e0 vos besoins.<\/span>[\/vc_column_text][vc_empty_space height=\u00a0\u00bb34px\u00a0\u00bb el_class=\u00a0\u00bbdesktoponly\u00a0\u00bb][vc_column_text el_class=\u00a0\u00bbcta\u00a0\u00bb]<a href=\"https:\/\/miocorpo.be\/fr\/behandelingen\/huid-analyse\/\">En savoir plus<\/a>[\/vc_column_text][vc_empty_space height=\u00a0\u00bb60px\u00a0\u00bb][\/vc_column][vc_column width=\u00a0\u00bb1\/3&Prime; el_class=\u00a0\u00bbcol2&Prime;][vc_single_image image=\u00a0\u00bb702&Prime; img_size=\u00a0\u00bbfull\u00a0\u00bb onclick=\u00a0\u00bbcustom_link\u00a0\u00bb qode_css_animation=\u00a0\u00bb\u00a0\u00bb el_class=\u00a0\u00bbusp\u00a0\u00bb link=\u00a0\u00bbhttps:\/\/miocorpo.be\/behandelingen\/hydra-derma-facial\u00a0\u00bb][vc_empty_space][vc_column_text]<\/p>\n<h3><a href=\"https:\/\/miocorpo.be\/fr\/behandelingen\/huid-analyse\/\">Hydrodermabrasion<\/a><\/h3>\n<p>[\/vc_column_text][vc_empty_space height=\u00a0\u00bb7px\u00a0\u00bb][vc_column_text]<b>Id\u00e9al pour vous:<\/b><\/p>\n<p><span style=\"font-weight: 400;\">Si votre peau est terne, mate ou squameuse, ou si vous avez de l&rsquo;acn\u00e9, il est temps de briller.<br \/>\n<\/span>[\/vc_column_text][vc_empty_space height=\u00a0\u00bb34px\u00a0\u00bb el_class=\u00a0\u00bbdesktoponly\u00a0\u00bb][vc_column_text el_class=\u00a0\u00bbcta\u00a0\u00bb]<a href=\"https:\/\/miocorpo.be\/fr\/behandelingen\/hydra-derma-facial\/\">En savoir plus<\/a>[\/vc_column_text][vc_empty_space height=\u00a0\u00bb60px\u00a0\u00bb][\/vc_column][vc_column width=\u00a0\u00bb1\/3&Prime; el_class=\u00a0\u00bbcol3&Prime;][vc_single_image image=\u00a0\u00bb707&Prime; img_size=\u00a0\u00bbfull\u00a0\u00bb onclick=\u00a0\u00bbcustom_link\u00a0\u00bb qode_css_animation=\u00a0\u00bb\u00a0\u00bb el_class=\u00a0\u00bbusp\u00a0\u00bb link=\u00a0\u00bbhttps:\/\/miocorpo.be\/behandelingen\/oxygen-exfoliatie\u00a0\u00bb][vc_empty_space][vc_column_text]<\/p>\n<h3><a href=\"https:\/\/miocorpo.be\/fr\/behandelingen\/oxygen-exfoliatie\/\">Oxygen+ <\/a><\/h3>\n<p>[\/vc_column_text][vc_empty_space height=\u00a0\u00bb7px\u00a0\u00bb][vc_column_text]<\/p>\n<div class=\"flex-1 overflow-hidden\">\n<div class=\"react-scroll-to-bottom--css-kerdj-79elbk h-full\">\n<div class=\"react-scroll-to-bottom--css-kerdj-1n7m0yu\">\n<div class=\"flex flex-col pb-9 text-sm\">\n<div class=\"w-full text-token-text-primary\" data-testid=\"conversation-turn-39\">\n<div class=\"px-4 py-2 justify-center text-base md:gap-6 m-auto\">\n<div class=\"flex flex-1 text-base mx-auto gap-3 md:px-5 lg:px-1 xl:px-5 md:max-w-3xl lg:max-w-[40rem] xl:max-w-[48rem] group final-completion\">\n<div class=\"relative flex w-full flex-col lg:w-[calc(100%-115px)] agent-turn\">\n<div class=\"flex-col gap-1 md:gap-3\">\n<div class=\"flex flex-grow flex-col max-w-full\">\n<div class=\"min-h-[20px] text-message flex flex-col items-start gap-3 whitespace-pre-wrap break-words [.text-message+&amp;]:mt-5 overflow-x-auto\" data-message-author-role=\"assistant\" data-message-id=\"496c75b9-5a25-4914-b13f-71eaea1bb8a7\">\n<div class=\"markdown prose w-full break-words dark:prose-invert light\">\n<div class=\"flex-1 overflow-hidden\">\n<div class=\"react-scroll-to-bottom--css-kerdj-79elbk h-full\">\n<div class=\"react-scroll-to-bottom--css-kerdj-1n7m0yu\">\n<div class=\"flex flex-col pb-9 text-sm\">\n<div class=\"w-full text-token-text-primary\" data-testid=\"conversation-turn-47\">\n<div class=\"px-4 py-2 justify-center text-base md:gap-6 m-auto\">\n<div class=\"flex flex-1 text-base mx-auto gap-3 md:px-5 lg:px-1 xl:px-5 md:max-w-3xl lg:max-w-[40rem] xl:max-w-[48rem] group final-completion\">\n<div class=\"relative flex w-full flex-col lg:w-[calc(100%-115px)] agent-turn\">\n<div class=\"flex-col gap-1 md:gap-3\">\n<div class=\"flex flex-grow flex-col max-w-full\">\n<div class=\"min-h-[20px] text-message flex flex-col items-start gap-3 whitespace-pre-wrap break-words [.text-message+&amp;]:mt-5 overflow-x-auto\" data-message-author-role=\"assistant\" data-message-id=\"5df06c08-9da6-4f46-846d-afaf5f7e2d48\">\n<div class=\"markdown prose w-full break-words dark:prose-invert light\">\n<p><b>Id\u00e9al pour vous :<\/b><\/p>\n<p><span style=\"font-weight: 400;\">si vous souhaitez \u00e0 la fois pr\u00e9server la sant\u00e9 de votre peau et l&rsquo;exfolier. Nous proposons diff\u00e9rentes exfoliations pour chaque type de peau. Ce traitement peut \u00eatre r\u00e9serv\u00e9 s\u00e9par\u00e9ment ou dans le cadre d&rsquo;une cure.<br \/>\n<\/span><\/p>\n<\/div>\n<\/div>\n<\/div>\n<\/div>\n<\/div>\n<\/div>\n<\/div>\n<\/div>\n<\/div>\n<\/div>\n<\/div>\n<\/div>\n<\/div>\n<\/div>\n<\/div>\n<\/div>\n<\/div>\n<\/div>\n<\/div>\n<\/div>\n<\/div>\n<\/div>\n<\/div>\n<\/div>\n<p>[\/vc_column_text][vc_empty_space height=\u00a0\u00bb34px\u00a0\u00bb el_class=\u00a0\u00bbdesktoponly\u00a0\u00bb][vc_column_text el_class=\u00a0\u00bbcta\u00a0\u00bb]<a href=\"https:\/\/miocorpo.be\/fr\/behandelingen\/oxygen-exfoliatie\/\">En savoir plus<\/a>[\/vc_column_text][vc_empty_space height=\u00a0\u00bb60px\u00a0\u00bb][\/vc_column][\/vc_row][vc_row css_animation=\u00a0\u00bb\u00a0\u00bb row_type=\u00a0\u00bbrow\u00a0\u00bb use_row_as_full_screen_section=\u00a0\u00bbno\u00a0\u00bb type=\u00a0\u00bbfull_width\u00a0\u00bb angled_section=\u00a0\u00bbno\u00a0\u00bb text_align=\u00a0\u00bbleft\u00a0\u00bb background_image_as_pattern=\u00a0\u00bbwithout_pattern\u00a0\u00bb el_class=\u00a0\u00bbdiensten row5&Prime; z_index=\u00a0\u00bb\u00a0\u00bb][vc_column width=\u00a0\u00bb1\/3&Prime; el_class=\u00a0\u00bbcol1&Prime;][vc_single_image image=\u00a0\u00bb703&Prime; img_size=\u00a0\u00bbfull\u00a0\u00bb onclick=\u00a0\u00bbcustom_link\u00a0\u00bb qode_css_animation=\u00a0\u00bb\u00a0\u00bb el_class=\u00a0\u00bbusp\u00a0\u00bb link=\u00a0\u00bbhttps:\/\/miocorpo.be\/behandelingen\/microneedling\u00a0\u00bb][vc_empty_space][vc_column_text]<\/p>\n<h3><a href=\"https:\/\/miocorpo.be\/fr\/behandelingen\/microneedling\/\">Microneedling<\/a><\/h3>\n<p>[\/vc_column_text][vc_empty_space height=\u00a0\u00bb7px\u00a0\u00bb][vc_column_text]<b>Id\u00e9al pour vous :<\/b><\/p>\n<p><span style=\"font-weight: 400;\">Si vous cherchez une solution aux cicatrices d&rsquo;acn\u00e9, \u00e0 l&rsquo;hyperpigmentation, aux vergetures, aux rides et \u00e0 la rosac\u00e9e. Le microneedling ne peut \u00eatre r\u00e9serv\u00e9 qu&rsquo;en tant que traitement.<\/span>[\/vc_column_text][vc_empty_space height=\u00a0\u00bb34px\u00a0\u00bb el_class=\u00a0\u00bbdesktoponly\u00a0\u00bb][vc_column_text el_class=\u00a0\u00bbcta\u00a0\u00bb]<a href=\"https:\/\/miocorpo.be\/fr\/behandelingen\/microneedling\/\">En savoir plus<\/a>[\/vc_column_text][vc_empty_space height=\u00a0\u00bb60px\u00a0\u00bb][\/vc_column][vc_column width=\u00a0\u00bb1\/3&Prime; el_class=\u00a0\u00bbcol2&Prime;][vc_single_image image=\u00a0\u00bb477&Prime; img_size=\u00a0\u00bbfull\u00a0\u00bb onclick=\u00a0\u00bbcustom_link\u00a0\u00bb qode_css_animation=\u00a0\u00bb\u00a0\u00bb el_class=\u00a0\u00bbusp\u00a0\u00bb link=\u00a0\u00bbhttps:\/\/miocorpo.be\/behandelingen\/plasma-lift\u00a0\u00bb][vc_empty_space][vc_column_text]<\/p>\n<h3><a href=\"https:\/\/miocorpo.be\/fr\/behandelingen\/plasma-lift\/\">Plasma Lift<\/a><\/h3>\n<p>[\/vc_column_text][vc_empty_space height=\u00a0\u00bb7px\u00a0\u00bb][vc_column_text]<b>Id\u00e9al pour vous :<\/b><\/p>\n<p><span style=\"font-weight: 400;\">si vous souhaitez rem\u00e9dier au rel\u00e2chement cutan\u00e9 d\u00fb au vieillissement de la peau, \u00e0 la perte de poids et \u00e0 la grossesse<\/span>[\/vc_column_text][vc_empty_space height=\u00a0\u00bb34px\u00a0\u00bb el_class=\u00a0\u00bbdesktoponly\u00a0\u00bb][vc_empty_space height=\u00a0\u00bb34px\u00a0\u00bb el_class=\u00a0\u00bbdesktoponly\u00a0\u00bb][vc_column_text el_class=\u00a0\u00bbcta\u00a0\u00bb]<a href=\"https:\/\/miocorpo.be\/fr\/behandelingen\/plasma-lift\/\">En savoir plus<\/a>[\/vc_column_text][vc_empty_space height=\u00a0\u00bb60px\u00a0\u00bb][\/vc_column][vc_column width=\u00a0\u00bb1\/3&Prime; el_class=\u00a0\u00bbcol3&Prime;][vc_single_image image=\u00a0\u00bb889&Prime; img_size=\u00a0\u00bbfull\u00a0\u00bb onclick=\u00a0\u00bbcustom_link\u00a0\u00bb qode_css_animation=\u00a0\u00bb\u00a0\u00bb el_class=\u00a0\u00bbusp\u00a0\u00bb link=\u00a0\u00bbhttps:\/\/miocorpo.be\/behandelingen\/plasma-lift\u00a0\u00bb][vc_empty_space][vc_column_text]<\/p>\n<h3><a href=\"https:\/\/miocorpo.be\/fr\/behandelingen\/chemical-peeling\/\">Peeling chimique<\/a><\/h3>\n<p>[\/vc_column_text][vc_empty_space height=\u00a0\u00bb7px\u00a0\u00bb][vc_column_text]<b>Id\u00e9al pour vous :<\/b><\/p>\n<p><span style=\"font-weight: 400;\">si vous souhaitez traiter une hyperpigmentation ou ralentir le vieillissement de la peau. Un peeling chimique ne peut \u00eatre r\u00e9serv\u00e9 que dans le cadre d&rsquo;un traitement.<\/span>[\/vc_column_text][vc_empty_space height=\u00a0\u00bb34px\u00a0\u00bb el_class=\u00a0\u00bbdesktoponly\u00a0\u00bb][vc_column_text el_class=\u00a0\u00bbcta\u00a0\u00bb]<a href=\"https:\/\/miocorpo.be\/diensten\/chemical-peeling\/\">En savoir plus<\/a>[\/vc_column_text][vc_empty_space height=\u00a0\u00bb60px\u00a0\u00bb][\/vc_column][\/vc_row][vc_row css_animation=\u00a0\u00bb\u00a0\u00bb row_type=\u00a0\u00bbrow\u00a0\u00bb use_row_as_full_screen_section=\u00a0\u00bbno\u00a0\u00bb type=\u00a0\u00bbfull_width\u00a0\u00bb angled_section=\u00a0\u00bbno\u00a0\u00bb text_align=\u00a0\u00bbleft\u00a0\u00bb background_image_as_pattern=\u00a0\u00bbwithout_pattern\u00a0\u00bb el_class=\u00a0\u00bbdiensten row5 displaynone\u00a0\u00bb z_index=\u00a0\u00bb\u00a0\u00bb][vc_column width=\u00a0\u00bb1\/3&Prime; el_class=\u00a0\u00bbcol3&Prime;][\/vc_column][\/vc_row][vc_row css_animation=\u00a0\u00bb\u00a0\u00bb row_type=\u00a0\u00bbrow\u00a0\u00bb use_row_as_full_screen_section=\u00a0\u00bbno\u00a0\u00bb type=\u00a0\u00bbfull_width\u00a0\u00bb angled_section=\u00a0\u00bbno\u00a0\u00bb text_align=\u00a0\u00bbleft\u00a0\u00bb background_image_as_pattern=\u00a0\u00bbwithout_pattern\u00a0\u00bb][vc_column][vc_empty_space][vc_empty_space height=\u00a0\u00bb100px\u00a0\u00bb el_class=\u00a0\u00bbdesktoponly\u00a0\u00bb]<span class='q_social_icon_holder circle_social' ><a itemprop='url' href='https:\/\/calendly.com\/miocorpo' target='_self'><span class='fa-stack fa-lg' style=''><i class=\"qode_icon_font_awesome fa  \" style=\"\" ><\/i><\/span><\/a><\/span>[\/vc_column][\/vc_row]<\/p>\n<\/div>","protected":false},"excerpt":{"rendered":"<p>[vc_row css_animation=\u00a0\u00bb\u00a0\u00bb row_type=\u00a0\u00bbrow\u00a0\u00bb use_row_as_full_screen_section=\u00a0\u00bbno\u00a0\u00bb type=\u00a0\u00bbfull_width\u00a0\u00bb angled_section=\u00a0\u00bbno\u00a0\u00bb text_align=\u00a0\u00bbleft\u00a0\u00bb background_image_as_pattern=\u00a0\u00bbwithout_pattern\u00a0\u00bb el_class=\u00a0\u00bbdiensten row1&Prime; z_index=\u00a0\u00bb\u00a0\u00bb css=\u00a0\u00bb.vc_custom_1669921570306{background-image: url(https:\/\/miocorpo.be\/wp-content\/uploads\/2021\/10\/header-bg.jpg?id=415) !important;}\u00a0\u00bb][vc_column el_class=\u00a0\u00bbcolumn1&Prime;][vc_column_text] Nos traitements [\/vc_column_text][vc_empty_space height=\u00a0\u00bb47px\u00a0\u00bb][\/vc_column][\/vc_row][vc_row css_animation=\u00a0\u00bb\u00a0\u00bb row_type=\u00a0\u00bbrow\u00a0\u00bb use_row_as_full_screen_section=\u00a0\u00bbno\u00a0\u00bb type=\u00a0\u00bbfull_width\u00a0\u00bb angled_section=\u00a0\u00bbno\u00a0\u00bb text_align=\u00a0\u00bbleft\u00a0\u00bb background_image_as_pattern=\u00a0\u00bbwithout_pattern\u00a0\u00bb el_class=\u00a0\u00bbdiensten row3&Prime; z_index=\u00a0\u00bb\u00a0\u00bb][vc_column][vc_row_inner row_type=\u00a0\u00bbrow\u00a0\u00bb type=\u00a0\u00bbfull_width\u00a0\u00bb text_align=\u00a0\u00bbleft\u00a0\u00bb css_animation=\u00a0\u00bb\u00a0\u00bb][vc_column_inner][vc_column_text] Traitements de la peau [\/vc_column_text][\/vc_column_inner][\/vc_row_inner][\/vc_column][\/vc_row][vc_row css_animation=\u00a0\u00bb\u00a0\u00bb row_type=\u00a0\u00bbrow\u00a0\u00bb use_row_as_full_screen_section=\u00a0\u00bbno\u00a0\u00bb type=\u00a0\u00bbfull_width\u00a0\u00bb angled_section=\u00a0\u00bbno\u00a0\u00bb text_align=\u00a0\u00bbleft\u00a0\u00bb background_image_as_pattern=\u00a0\u00bbwithout_pattern\u00a0\u00bb&#8230;<\/p>\n","protected":false},"author":1,"featured_media":0,"parent":0,"menu_order":0,"comment_status":"closed","ping_status":"closed","template":"full_width.php","meta":{"inline_featured_image":false,"footnotes":""},"class_list":["post-2540","page","type-page","status-publish","hentry"],"yoast_head":"<!-- This site is optimized with the Yoast SEO plugin v27.4 - https:\/\/yoast.com\/product\/yoast-seo-wordpress\/ -->\n<title>Huid behandelingen - Mio Corpo Esthetic<\/title>\n<meta name=\"description\" content=\"Bekijk onze behandelingen op deze pagina. Wij zijn gespecialiseerd in paramedische huid en lichaamsbehandelingen.\" \/>\n<meta name=\"robots\" content=\"index, follow, max-snippet:-1, max-image-preview:large, max-video-preview:-1\" \/>\n<link rel=\"canonical\" href=\"https:\/\/miocorpo.be\/fr\/huid-behandelingen\/\" \/>\n<meta property=\"og:locale\" content=\"fr_FR\" \/>\n<meta property=\"og:type\" content=\"article\" \/>\n<meta property=\"og:title\" content=\"Huid behandelingen - Mio Corpo Esthetic\" \/>\n<meta property=\"og:description\" content=\"Bekijk onze behandelingen op deze pagina. Wij zijn gespecialiseerd in paramedische huid en lichaamsbehandelingen.\" \/>\n<meta property=\"og:url\" content=\"https:\/\/miocorpo.be\/fr\/huid-behandelingen\/\" \/>\n<meta property=\"og:site_name\" content=\"Mio Corpo Esthetic\" \/>\n<meta property=\"article:modified_time\" content=\"2024-03-04T08:17:53+00:00\" \/>\n<meta name=\"twitter:card\" content=\"summary_large_image\" \/>\n<meta name=\"twitter:label1\" content=\"Dur\u00e9e de lecture estim\u00e9e\" \/>\n\t<meta name=\"twitter:data1\" content=\"2 minutes\" \/>\n<script type=\"application\/ld+json\" class=\"yoast-schema-graph\">{\"@context\":\"https:\\\/\\\/schema.org\",\"@graph\":[{\"@type\":\"WebPage\",\"@id\":\"https:\\\/\\\/miocorpo.be\\\/fr\\\/huid-behandelingen\\\/\",\"url\":\"https:\\\/\\\/miocorpo.be\\\/fr\\\/huid-behandelingen\\\/\",\"name\":\"Huid behandelingen - Mio Corpo Esthetic\",\"isPartOf\":{\"@id\":\"https:\\\/\\\/miocorpo.be\\\/#website\"},\"datePublished\":\"2023-01-27T13:57:18+00:00\",\"dateModified\":\"2024-03-04T08:17:53+00:00\",\"description\":\"Bekijk onze behandelingen op deze pagina. Wij zijn gespecialiseerd in paramedische huid en lichaamsbehandelingen.\",\"breadcrumb\":{\"@id\":\"https:\\\/\\\/miocorpo.be\\\/fr\\\/huid-behandelingen\\\/#breadcrumb\"},\"inLanguage\":\"fr-FR\",\"potentialAction\":[{\"@type\":\"ReadAction\",\"target\":[\"https:\\\/\\\/miocorpo.be\\\/fr\\\/huid-behandelingen\\\/\"]}]},{\"@type\":\"BreadcrumbList\",\"@id\":\"https:\\\/\\\/miocorpo.be\\\/fr\\\/huid-behandelingen\\\/#breadcrumb\",\"itemListElement\":[{\"@type\":\"ListItem\",\"position\":1,\"name\":\"Home\",\"item\":\"https:\\\/\\\/miocorpo.be\\\/fr\\\/\"},{\"@type\":\"ListItem\",\"position\":2,\"name\":\"Huid behandelingen\"}]},{\"@type\":\"WebSite\",\"@id\":\"https:\\\/\\\/miocorpo.be\\\/#website\",\"url\":\"https:\\\/\\\/miocorpo.be\\\/\",\"name\":\"Mio Corpo Esthetic\",\"description\":\"Praktijk voor huid- en lichaamsgezondheid in Gent centrum\",\"potentialAction\":[{\"@type\":\"SearchAction\",\"target\":{\"@type\":\"EntryPoint\",\"urlTemplate\":\"https:\\\/\\\/miocorpo.be\\\/?s={search_term_string}\"},\"query-input\":{\"@type\":\"PropertyValueSpecification\",\"valueRequired\":true,\"valueName\":\"search_term_string\"}}],\"inLanguage\":\"fr-FR\"}]}<\/script>\n<!-- \/ Yoast SEO plugin. -->","yoast_head_json":{"title":"Huid behandelingen - Mio Corpo Esthetic","description":"Bekijk onze behandelingen op deze pagina. Wij zijn gespecialiseerd in paramedische huid en lichaamsbehandelingen.","robots":{"index":"index","follow":"follow","max-snippet":"max-snippet:-1","max-image-preview":"max-image-preview:large","max-video-preview":"max-video-preview:-1"},"canonical":"https:\/\/miocorpo.be\/fr\/huid-behandelingen\/","og_locale":"fr_FR","og_type":"article","og_title":"Huid behandelingen - Mio Corpo Esthetic","og_description":"Bekijk onze behandelingen op deze pagina. Wij zijn gespecialiseerd in paramedische huid en lichaamsbehandelingen.","og_url":"https:\/\/miocorpo.be\/fr\/huid-behandelingen\/","og_site_name":"Mio Corpo Esthetic","article_modified_time":"2024-03-04T08:17:53+00:00","twitter_card":"summary_large_image","twitter_misc":{"Dur\u00e9e de lecture estim\u00e9e":"2 minutes"},"schema":{"@context":"https:\/\/schema.org","@graph":[{"@type":"WebPage","@id":"https:\/\/miocorpo.be\/fr\/huid-behandelingen\/","url":"https:\/\/miocorpo.be\/fr\/huid-behandelingen\/","name":"Huid behandelingen - Mio Corpo Esthetic","isPartOf":{"@id":"https:\/\/miocorpo.be\/#website"},"datePublished":"2023-01-27T13:57:18+00:00","dateModified":"2024-03-04T08:17:53+00:00","description":"Bekijk onze behandelingen op deze pagina. Wij zijn gespecialiseerd in paramedische huid en lichaamsbehandelingen.","breadcrumb":{"@id":"https:\/\/miocorpo.be\/fr\/huid-behandelingen\/#breadcrumb"},"inLanguage":"fr-FR","potentialAction":[{"@type":"ReadAction","target":["https:\/\/miocorpo.be\/fr\/huid-behandelingen\/"]}]},{"@type":"BreadcrumbList","@id":"https:\/\/miocorpo.be\/fr\/huid-behandelingen\/#breadcrumb","itemListElement":[{"@type":"ListItem","position":1,"name":"Home","item":"https:\/\/miocorpo.be\/fr\/"},{"@type":"ListItem","position":2,"name":"Huid behandelingen"}]},{"@type":"WebSite","@id":"https:\/\/miocorpo.be\/#website","url":"https:\/\/miocorpo.be\/","name":"Mio Corpo Esthetic","description":"Praktijk voor huid- en lichaamsgezondheid in Gent centrum","potentialAction":[{"@type":"SearchAction","target":{"@type":"EntryPoint","urlTemplate":"https:\/\/miocorpo.be\/?s={search_term_string}"},"query-input":{"@type":"PropertyValueSpecification","valueRequired":true,"valueName":"search_term_string"}}],"inLanguage":"fr-FR"}]}},"_links":{"self":[{"href":"https:\/\/miocorpo.be\/fr\/wp-json\/wp\/v2\/pages\/2540","targetHints":{"allow":["GET"]}}],"collection":[{"href":"https:\/\/miocorpo.be\/fr\/wp-json\/wp\/v2\/pages"}],"about":[{"href":"https:\/\/miocorpo.be\/fr\/wp-json\/wp\/v2\/types\/page"}],"author":[{"embeddable":true,"href":"https:\/\/miocorpo.be\/fr\/wp-json\/wp\/v2\/users\/1"}],"replies":[{"embeddable":true,"href":"https:\/\/miocorpo.be\/fr\/wp-json\/wp\/v2\/comments?post=2540"}],"version-history":[{"count":4,"href":"https:\/\/miocorpo.be\/fr\/wp-json\/wp\/v2\/pages\/2540\/revisions"}],"predecessor-version":[{"id":2641,"href":"https:\/\/miocorpo.be\/fr\/wp-json\/wp\/v2\/pages\/2540\/revisions\/2641"}],"wp:attachment":[{"href":"https:\/\/miocorpo.be\/fr\/wp-json\/wp\/v2\/media?parent=2540"}],"curies":[{"name":"wp","href":"https:\/\/api.w.org\/{rel}","templated":true}]}}